{"id":2321,"date":"2018-04-13T05:00:29","date_gmt":"2018-04-13T05:00:29","guid":{"rendered":"http:\/\/citybook.cththemes.org\/?page_id=2321"},"modified":"2026-04-04T21:25:03","modified_gmt":"2026-04-04T21:25:03","slug":"pricing-tables","status":"publish","type":"page","link":"https:\/\/domacirestorani.com\/de\/pricing-tables\/","title":{"rendered":"Pricing Tables"},"content":{"rendered":"<div data-elementor-type=\"wp-post\" data-elementor-id=\"2321\" class=\"elementor elementor-2321\">\n\t\t\t\t\t\t<section class=\"elementor-section elementor-top-section elementor-element elementor-element-7437e65 pad-bot-0 elementor-section-boxed elementor-section-height-default elementor-section-height-default\" data-id=\"7437e65\" data-element_type=\"section\" data-e-type=\"section\" id=\"main-sec\">\n\t\t\t\t\t\t<div class=\"elementor-container elementor-column-gap-default\">\n\t\t\t\t\t<div class=\"elementor-column elementor-col-100 elementor-top-column elementor-element elementor-element-c618c23\" data-id=\"c618c23\" data-element_type=\"column\" data-e-type=\"column\">\n\t\t\t<div class=\"elementor-widget-wrap elementor-element-populated\">\n\t\t\t\t\t\t<div class=\"elementor-element elementor-element-9fce125 elementor-widget elementor-widget-section_title\" data-id=\"9fce125\" data-element_type=\"widget\" data-e-type=\"widget\" data-widget_type=\"section_title.default\">\n\t\t\t\t<div class=\"elementor-widget-container\">\n\t\t\t\t\t        <div class=\"section-title section-title-dk-blue fl-wrap\">\n                        <h2><span>Cijena Paketa<\/span><\/h2>            <div class=\"section-subtitle\">cijena na\u0161ih usluga<\/div>                            <span class=\"section-separator section-separator-dk-blue\"><\/span> \n                        <p>Istra\u017eite neke od najboljih savjeta iz cijelog grada od na\u0161ih partnera i prijatelja.<\/p> \n        <\/div>\n        \t\t\t\t<\/div>\n\t\t\t\t<\/div>\n\t\t\t\t\t<\/div>\n\t\t<\/div>\n\t\t\t\t\t<\/div>\n\t\t<\/section>\n\t\t\t\t<section class=\"elementor-section elementor-top-section elementor-element elementor-element-ff816c3 pad-top-0 pad-bot-0 elementor-section-boxed elementor-section-height-default elementor-section-height-default\" data-id=\"ff816c3\" data-element_type=\"section\" data-e-type=\"section\">\n\t\t\t\t\t\t<div class=\"elementor-container elementor-column-gap-no\">\n\t\t\t\t\t<div class=\"elementor-column elementor-col-100 elementor-top-column elementor-element elementor-element-956c8a2\" data-id=\"956c8a2\" data-element_type=\"column\" data-e-type=\"column\">\n\t\t\t<div class=\"elementor-widget-wrap elementor-element-populated\">\n\t\t\t\t\t\t<div class=\"elementor-element elementor-element-d331654 elementor-widget elementor-widget-membership_plans\" data-id=\"d331654\" data-element_type=\"widget\" data-e-type=\"widget\" data-widget_type=\"membership_plans.default\">\n\t\t\t\t<div class=\"elementor-widget-container\">\n\t\t\t\t\t        <div class=\"membership-plans-wrap clearfix fix-plans-style curr-pos-left_space one-cols\">\n                        <div class=\"pricing-switcher\">\n                    <div class=\"fieldset color-bg\">\n                        <input type=\"radio\" name=\"duration-1\"  id=\"monthly-1\" class=\"tariff-toggle monthly-1\" checked>\n                        <label for=\"monthly-1\" class=\"monthly-1\">Monthly Tariff<\/label>\n                        <input type=\"radio\" name=\"duration-1\" class=\"tariff-toggle yearly-1\"  id=\"yearly-1\">\n                        <label for=\"yearly-1\">Yearly Tariff<\/label>\n                        <span class=\"switch\"><\/span>\n                    <\/div>\n                <\/div>\n                                    <div class=\"pricing-wrap fl-wrap\">\n                                    <!-- plan-item -->\n                    <div class=\"price-item\">\n                        <div class=\"price-head green-gradient-bg\">\n                            <h3 class=\"pricing-item-title\">Profesionalni<\/h3><h4 class=\"pricing-item-subtitle\">19.95 mjesecno<\/h4>                                                            <div class=\"price-num fl-wrap\">\n                                    <div class=\"price-num-item\">\n                                        <span class=\"mouth-cont\">\n                                            <span class=\"curen\">\u20ac<\/span>\n                                            <span>239.40<\/span>\n                                        <\/span>\n                                        <span class=\"year-cont\">\n                                            <span class=\"year-cont-inner\">\n                                                                                                <span class=\"curen\">\u20ac<\/span>\n                                                <span>239.40<\/span>\n                                            <\/span>\n                                        <\/span>\n                                    <\/div>\n                                    <div class=\"clearfix\"><\/div>\n                                    <div class=\"price-num-desc\">\n                                        <span class=\"month-period-text\"><span class=\"period-per\">Per<\/span> year<\/span>\n                                        <span class=\"year-period-text\">\n                                            <span class=\"year-cont-inner\">Per Year<\/span>\n                                        <\/span>\n                                    <\/div>\n                                <\/div>\n                                                                                        <div class=\"circle-wrap\" style=\"right:20%;top:50px;\">\n                                    <div class=\"circle_bg-bal circle_bg-bal_versmall\" data-scrollax=\"properties: { translateY: '50px' }\"><\/div>\n                                <\/div>\n                                <div class=\"circle-wrap\" style=\"right:75%;top:90px;\">\n                                    <div class=\"circle_bg-bal circle_bg-bal_versmall\"><\/div>\n                                <\/div>\n                                <div class=\"footer-wave\">\n                                    <svg viewbox=\"0 0 100 25\">\n                                        <path fill=\"#fff\" d=\"M0 30 V12 Q30 17 55 12 T100 11 V30z\" \/>\n                                    <\/svg>\n                                <\/div>\n                                <div class=\"footer-wave footer-wave2\">\n                                    <svg viewbox=\"0 0 100 25\">\n                                        <path fill=\"#fff\" d=\"M0 90 V12 Q30 7 45 12 T100 11 V30z\" \/>\n                                    <\/svg>\n                                <\/div>\n                                       \n                            <span class=\"year-sale\"><\/span>   \n                        <\/div>\n                        <div class=\"price-content fl-wrap\">\n                        \n                            <div class=\"price-desc fl-wrap\">\n                                <ul>\n<li><span dir=\"auto\" style=\"vertical-align: inherit;\"><span dir=\"auto\" style=\"vertical-align: inherit;\">Jedan oglas<\/span><\/span><\/li>\n<li><span dir=\"auto\" style=\"vertical-align: inherit;\"><span dir=\"auto\" style=\"vertical-align: inherit;\">Do\u017eivotna dostupnost<\/span><\/span><\/li>\n<li><span dir=\"auto\" style=\"vertical-align: inherit;\"><span dir=\"auto\" style=\"vertical-align: inherit;\">Istaknuto u rezultatima pretrage<\/span><\/span><\/li>\n<li><span dir=\"auto\" style=\"vertical-align: inherit;\"><span dir=\"auto\" style=\"vertical-align: inherit;\">Podr\u0161ka 24\/7<\/span><\/span><\/li>\n<\/ul>\n                                    \n                                                                    <a href=\"#\" class=\"price-link logreg-modal-open green-bg\" data-message=\"You must be logged in to order a membership plan.\">Choose Profesionalni<\/a>\n                                                                \n                                                            <\/div>\n                        <\/div>\n                    <\/div>\n                    <!-- plan-item end  -->\n\n                            <\/div><!-- end .pricing-wrap -->\n             \n\n        <\/div>\n                \t\t\t\t<\/div>\n\t\t\t\t<\/div>\n\t\t\t\t\t<\/div>\n\t\t<\/div>\n\t\t\t\t\t<\/div>\n\t\t<\/section>\n\t\t\t\t<section class=\"elementor-section elementor-top-section elementor-element elementor-element-573d6ad6 pad-top-0 pad-bot-0 elementor-section-boxed elementor-section-height-default elementor-section-height-default\" data-id=\"573d6ad6\" data-element_type=\"section\" data-e-type=\"section\">\n\t\t\t\t\t\t<div class=\"elementor-container elementor-column-gap-default\">\n\t\t\t\t\t<div class=\"elementor-column elementor-col-100 elementor-top-column elementor-element elementor-element-4e0f8df8\" data-id=\"4e0f8df8\" data-element_type=\"column\" data-e-type=\"column\">\n\t\t\t<div class=\"elementor-widget-wrap elementor-element-populated\">\n\t\t\t\t\t\t<div class=\"elementor-element elementor-element-60e4f439 elementor-widget-divider--view-line elementor-widget elementor-widget-divider\" data-id=\"60e4f439\" data-element_type=\"widget\" data-e-type=\"widget\" data-widget_type=\"divider.default\">\n\t\t\t\t\t\t\t<div class=\"elementor-divider\">\n\t\t\t<span class=\"elementor-divider-separator\">\n\t\t\t\t\t\t<\/span>\n\t\t<\/div>\n\t\t\t\t\t\t<\/div>\n\t\t\t\t\t<\/div>\n\t\t<\/div>\n\t\t\t\t\t<\/div>\n\t\t<\/section>\n\t\t\t\t<section class=\"elementor-section elementor-top-section elementor-element elementor-element-2a9eb4b1 pad-top-0 elementor-section-boxed elementor-section-height-default elementor-section-height-default\" data-id=\"2a9eb4b1\" data-element_type=\"section\" data-e-type=\"section\">\n\t\t\t\t\t\t<div class=\"elementor-container elementor-column-gap-default\">\n\t\t\t\t\t<div class=\"elementor-column elementor-col-33 elementor-top-column elementor-element elementor-element-5d94b7\" data-id=\"5d94b7\" data-element_type=\"column\" data-e-type=\"column\">\n\t\t\t<div class=\"elementor-widget-wrap elementor-element-populated\">\n\t\t\t\t\t\t<div class=\"elementor-element elementor-element-5524029 elementor-widget elementor-widget-feature_box\" data-id=\"5524029\" data-element_type=\"widget\" data-e-type=\"widget\" data-widget_type=\"feature_box.default\">\n\t\t\t\t<div class=\"elementor-widget-container\">\n\t\t\t\t\t  \n        <!--features-box --> \n        <div class=\"features-box\">\n                        <div class=\"time-line-icon\">\n                <i class=\"fal fa-headset\"><\/i>\n            <\/div>\n                        <h3>24-satna podr\u0161ka<\/h3>            <p>Uvijek smo dostupni ya vas    <\/p>        <\/div>\n        <!-- features-box end  -->      \n        \t\t\t\t<\/div>\n\t\t\t\t<\/div>\n\t\t\t\t\t<\/div>\n\t\t<\/div>\n\t\t\t\t<div class=\"elementor-column elementor-col-33 elementor-top-column elementor-element elementor-element-314e9338\" data-id=\"314e9338\" data-element_type=\"column\" data-e-type=\"column\">\n\t\t\t<div class=\"elementor-widget-wrap elementor-element-populated\">\n\t\t\t\t\t\t<div class=\"elementor-element elementor-element-20e1aca elementor-widget elementor-widget-feature_box\" data-id=\"20e1aca\" data-element_type=\"widget\" data-e-type=\"widget\" data-widget_type=\"feature_box.default\">\n\t\t\t\t<div class=\"elementor-widget-container\">\n\t\t\t\t\t  \n        <!--features-box --> \n        <div class=\"features-box\">\n                        <div class=\"time-line-icon\">\n                <i class=\"fal fa-users-cog\"><\/i>\n            <\/div>\n                        <h3>Administratorska plo\u010da<\/h3>            <p>24\/7 uvijek dostupan va\u0161 oglas za ure\u0111enj   <\/p>        <\/div>\n        <!-- features-box end  -->      \n        \t\t\t\t<\/div>\n\t\t\t\t<\/div>\n\t\t\t\t\t<\/div>\n\t\t<\/div>\n\t\t\t\t<div class=\"elementor-column elementor-col-33 elementor-top-column elementor-element elementor-element-51479f36\" data-id=\"51479f36\" data-element_type=\"column\" data-e-type=\"column\">\n\t\t\t<div class=\"elementor-widget-wrap elementor-element-populated\">\n\t\t\t\t\t\t<div class=\"elementor-element elementor-element-9559f1c elementor-widget elementor-widget-feature_box\" data-id=\"9559f1c\" data-element_type=\"widget\" data-e-type=\"widget\" data-widget_type=\"feature_box.default\">\n\t\t\t\t<div class=\"elementor-widget-container\">\n\t\t\t\t\t  \n        <!--features-box --> \n        <div class=\"features-box\">\n                        <div class=\"time-line-icon\">\n                <i class=\"fal fa-mobile\"><\/i>\n            <\/div>\n                        <h3>Prilago\u0111eno mobilnim ure\u0111ajima<\/h3>            <p>Prilago\u0111eno svim mobilnim ure\u0111ajima    <\/p>        <\/div>\n        <!-- features-box end  -->      \n        \t\t\t\t<\/div>\n\t\t\t\t<\/div>\n\t\t\t\t\t<\/div>\n\t\t<\/div>\n\t\t\t\t\t<\/div>\n\t\t<\/section>\n\t\t\t\t<\/div>","protected":false},"excerpt":{"rendered":"<p>Cijena Paketa cijena na\u0161ih usluga Istra\u017eite neke od najboljih savjeta iz cijelog grada od na\u0161ih partnera i prijatelja. Monthly Tariff Yearly Tariff Professional 19.95 mjesecno \u20ac 239.40 \u20ac 239.40 Per year Per Year Jedan oglas Do\u017eivotna dostupnost Istaknuto u rezultatima pretrage Podr\u0161ka 24\/7 Choose Professional 24-satna podr\u0161ka Uvijek smo dostupni ya vas Administratorska plo\u010da 24\/7 &hellip; <\/p>","protected":false},"author":2,"featured_media":0,"parent":0,"menu_order":0,"comment_status":"closed","ping_status":"closed","template":"page-fullwidth.php","meta":{"footnotes":""},"class_list":["post-2321","page","type-page","status-publish","hentry"],"_links":{"self":[{"href":"https:\/\/domacirestorani.com\/de\/wp-json\/wp\/v2\/pages\/2321","targetHints":{"allow":["GET"]}}],"collection":[{"href":"https:\/\/domacirestorani.com\/de\/wp-json\/wp\/v2\/pages"}],"about":[{"href":"https:\/\/domacirestorani.com\/de\/wp-json\/wp\/v2\/types\/page"}],"author":[{"embeddable":true,"href":"https:\/\/domacirestorani.com\/de\/wp-json\/wp\/v2\/users\/2"}],"replies":[{"embeddable":true,"href":"https:\/\/domacirestorani.com\/de\/wp-json\/wp\/v2\/comments?post=2321"}],"version-history":[{"count":9,"href":"https:\/\/domacirestorani.com\/de\/wp-json\/wp\/v2\/pages\/2321\/revisions"}],"predecessor-version":[{"id":9544,"href":"https:\/\/domacirestorani.com\/de\/wp-json\/wp\/v2\/pages\/2321\/revisions\/9544"}],"wp:attachment":[{"href":"https:\/\/domacirestorani.com\/de\/wp-json\/wp\/v2\/media?parent=2321"}],"curies":[{"name":"wp","href":"https:\/\/api.w.org\/{rel}","templated":true}]}}